{"id":16,"date":"2008-01-05T17:03:58","date_gmt":"2008-01-05T16:03:58","guid":{"rendered":"http:\/\/www.cavalaire-environnement.com\/article\/rejoignez-nous\/"},"modified":"2021-06-03T17:04:32","modified_gmt":"2021-06-03T16:04:32","slug":"rejoignez-nous","status":"publish","type":"page","link":"https:\/\/www.cavalaire-environnement.com\/article\/rejoignez-nous\/","title":{"rendered":"Rejoignez nous"},"content":{"rendered":"<p>\u00a0<\/p>\n<h2 style=\"text-align: center;\">BULLETIN D&rsquo;ADHESION<\/h2>\n<h2 style=\"text-align: center;\"><span style=\"color: #0000ff;\">Rejoignez Le Comit\u00e9 de Sauvegarde de la Baie de Cavalaire<\/span><\/h2>\n<h3 style=\"text-align: center;\"><span style=\"color: #0000ff;\">Association Loi de 1901, agr\u00e9\u00e9e \u00ab Protection de l\u2019environnement \u00bb<br \/><\/span><\/h3>\n<p class=\"MsoNormal\" style=\"text-align: center; line-height: normal; margin: 0cm 0cm 10pt; mso-margin-top-alt: auto; mso-margin-bottom-alt: auto; mso-outline-level: 3;\"><span style=\"font-family: Arial; mso-fareast-font-family: 'Times New Roman'; mso-fareast-language: FR;\"><span style=\"font-size: small;\"><span style=\"color: #0000ff;\"><strong>\u00a0<\/strong><\/span><\/span><\/span><\/p>\n<h3 style=\"text-align: center;\"><em>\u00a0<span style=\"color: #ff0000;\">\u00ab\u00a0Un environnement d\u00e9truit ne se reconstruit pas, sa pr\u00e9servation est l\u2019affaire de tous.\u00a0\u00bb\u00a0<\/span><\/em><\/h3>\n<p>\u00a0<\/p>\n<p>J\u2019adh\u00e8re au Comit\u00e9 de Sauvegarde de la Baie de Cavalaire<\/p>\n<p>Nom:\u2026\u2026\u2026\u2026\u2026\u2026\u2026\u2026\u2026\u2026\u2026\u2026\u2026\u2026\u2026\u2026\u2026\u2026\u2026\u2026\u2026\u2026\u2026\u2026\u2026\u2026\u2026\u2026\u2026\u2026\u2026\u2026\u2026..<\/p>\n<p>Pr\u00e9nom:\u2026\u2026\u2026\u2026\u2026\u2026\u2026\u2026\u2026\u2026\u2026\u2026\u2026\u2026\u2026\u2026\u2026\u2026\u2026\u2026\u2026\u2026\u2026\u2026\u2026\u2026\u2026\u2026\u2026\u2026\u2026\u2026<\/p>\n<p>Adresse locale (Cavalaire, La Croix-Valmer&#8230;)\u2026\u2026\u2026\u2026\u2026\u2026\u2026\u2026\u2026\u2026\u2026\u2026\u2026\u2026\u2026\u2026\u2026\u2026\u2026\u2026\u2026\u2026<\/p>\n<p>\u2026\u2026\u2026\u2026\u2026\u2026\u2026\u2026\u2026\u2026\u2026\u2026\u2026\u2026\u2026\u2026\u2026\u2026\u2026\u2026\u2026\u2026\u2026\u2026\u2026\u2026\u2026\u2026\u2026\u2026\u2026&#8230;&#8230;&#8230;&#8230;&#8230;&#8230;&#8230;&#8230;&#8230;&#8230;&#8230;&#8230;&#8230;&#8230;&#8230;&#8230;&#8230;..<\/p>\n<p>Adresse de la r\u00e9sidence principale o\u00f9 doit \u00eatre envoy\u00e9 le courrier&#8230;&#8230;&#8230;&#8230;&#8230;&#8230;&#8230;&#8230;&#8230;&#8230;&#8230;&#8230;<\/p>\n<p>\u2026\u2026\u2026\u2026\u2026\u2026\u2026\u2026\u2026&#8230;&#8230;&#8230;&#8230;&#8230;&#8230;&#8230;&#8230;&#8230;&#8230;&#8230;&#8230;&#8230;&#8230;&#8230;&#8230;&#8230;&#8230;&#8230;&#8230;&#8230;&#8230;&#8230;&#8230;&#8230;&#8230;&#8230;&#8230;&#8230;&#8230;&#8230;&#8230;&#8230;&#8230;&#8230;&#8230;&#8230;&#8230;&#8230;&#8230;&#8230;<\/p>\n<p><em>Adresse \u00e9lectronique\u00a0:<\/em><em>\u2026\u2026\u2026\u2026\u2026\u2026\u2026\u2026\u2026\u2026\u2026\u2026\u2026\u2026\u2026\u2026\u2026\u2026\u2026\u2026\u2026.<\/em><\/p>\n<p><em>T\u00e9l\u00e9phone fixe\u00a0: <\/em><em>\u2026\u2026\u2026\u2026\u2026\u2026\u2026\u2026\u2026\u2026\u2026\u2026\u2026\u2026\u2026\u2026\u2026\u2026\u2026\u2026\u2026\u2026\u2026\u2026<\/em><\/p>\n<p><em>T\u00e9l\u00e9phone mobile\u00a0:&#8230;&#8230;&#8230;&#8230;&#8230;&#8230;&#8230;&#8230;&#8230;&#8230;&#8230;&#8230;&#8230;&#8230;&#8230;&#8230;&#8230;&#8230;&#8230;&#8230;&#8230;&#8230;&#8230;&#8230;.<\/em><\/p>\n<p><strong><span style=\"color: #ff0000;\"><em>Toutes vos coordonn\u00e9es sont conserv\u00e9es de fa\u00e7on strictement confidentielle<\/em><\/span><\/strong><\/p>\n<p><em>Montant de la cotisation 30\u00a0\u20ac premier membre, 20\u00a0\u20ac conjoint,<\/em><\/p>\n<p><em>5\u00a0\u20ac jeunes de moins de 18 ans et \u00e9tudiants de moins de 26 ans. <\/em><\/p>\n<p>Montant de la cotisation:\u2026\u2026\u2026\u2026\u2026\u2026\u2026\u2026\u2026\u2026..<\/p>\n<p>Montant du don \u00e9ventuel:\u2026\u2026\u2026\u2026\u2026\u2026\u2026\u2026\u2026\u2026..<\/p>\n<p>Total du versement:\u2026\u2026\u2026\u2026\u2026\u2026\u2026\u2026\u2026\u2026\u2026\u2026\u2026\u2026.<\/p>\n<p><span style=\"color: #ff0000;\">\u00a0<strong><i>Chaque d\u00e9but d\u2019ann\u00e9e un certificat fiscal vous sera adress\u00e9 afin de vous permettre de d\u00e9duire de votre d\u00e9claration des revenus la somme vers\u00e9e au CSBC. (R\u00e9duction imp\u00f4t 66% du versement)<\/i><\/strong><\/span><\/p>\n<p>Cavalaire le\u00a0: &#8230;&#8230;&#8230;&#8230;&#8230;&#8230;&#8230;&#8230;&#8230;&#8230;&#8230;&#8230;. \u00a0\u00a0\u00a0\u00a0\u00a0\u00a0\u00a0\u00a0\u00a0\u00a0\u00a0\u00a0\u00a0\u00a0\u00a0\u00a0\u00a0\u00a0\u00a0\u00a0\u00a0\u00a0\u00a0\u00a0\u00a0\u00a0\u00a0\u00a0\u00a0\u00a0\u00a0\u00a0\u00a0\u00a0\u00a0\u00a0\u00a0\u00a0\u00a0 Signature<\/p>\n<p>\u00a0<\/p>\n<p>\u00a0<\/p>\n<form id=\"formulairerejoint\" accept-charset=\"UNKNOWN\" action=\"\/article\/inscription.php\" enctype=\"application\/x-www-form-urlencoded\" method=\"post\">\n<p><em>Vous pouvez copier cette page, \u00ab\u00a0copier-coller\u00a0\u00bb ou la t\u00e9l\u00e9charger,<\/em> <em>que vous voudrez bien adresser \u00e0 : <strong>CSBC \u00a0 1423 Bd de l\u2019Eau Blanche 83240 Cavalaire-sur-Mer<\/strong>,\u00a0 accompagn\u00e9 de votre ch\u00e8que libell\u00e9 \u00e0 l&rsquo;ordre de: CSBC.<\/em><em>Un re\u00e7u fiscal vous sera adress\u00e9. Il vous permettra d&rsquo;inscrire en d\u00e9duction la somme vers\u00e9e sur votre d\u00e9claration des revenus .<\/em><\/p>\n<\/form>\n\n\n<div class=\"wp-block-file\"><a href=\"https:\/\/www.cavalaire-environnement.com\/article\/wp-content\/uploads\/2021\/06\/Bulletin-dadhesion-CSBC.doc\">Bulletin-dadhesion-CSBC<\/a><a href=\"https:\/\/www.cavalaire-environnement.com\/article\/wp-content\/uploads\/2021\/06\/Bulletin-dadhesion-CSBC.doc\" class=\"wp-block-file__button\" download>T\u00e9l\u00e9charger<\/a><\/div>\n\n\n\n<p><\/p>\n","protected":false},"excerpt":{"rendered":"<p>\u00a0 BULLETIN D&rsquo;ADHESION Rejoignez Le Comit\u00e9 de Sauvegarde de la Baie de Cavalaire Association Loi de 1901, agr\u00e9\u00e9e \u00ab Protection de l\u2019environnement \u00bb \u00a0 \u00a0\u00ab\u00a0Un environnement d\u00e9truit ne se reconstruit pas, sa pr\u00e9servation est l\u2019affaire de tous.\u00a0\u00bb\u00a0 \u00a0 J\u2019adh\u00e8re au Comit\u00e9 de Sauvegarde de la Baie de Cavalaire Nom:\u2026\u2026\u2026\u2026\u2026\u2026\u2026\u2026\u2026\u2026\u2026\u2026\u2026\u2026\u2026\u2026\u2026\u2026\u2026\u2026\u2026\u2026\u2026\u2026\u2026\u2026\u2026\u2026\u2026\u2026\u2026\u2026\u2026.. Pr\u00e9nom:\u2026\u2026\u2026\u2026\u2026\u2026\u2026\u2026\u2026\u2026\u2026\u2026\u2026\u2026\u2026\u2026\u2026\u2026\u2026\u2026\u2026\u2026\u2026\u2026\u2026\u2026\u2026\u2026\u2026\u2026\u2026\u2026 Adresse locale (Cavalaire, La Croix-Valmer&#8230;)\u2026\u2026\u2026\u2026\u2026\u2026\u2026\u2026\u2026\u2026\u2026\u2026\u2026\u2026\u2026\u2026\u2026\u2026\u2026\u2026\u2026\u2026 [&hellip;]<\/p>\n","protected":false},"author":1,"featured_media":0,"parent":0,"menu_order":6,"comment_status":"open","ping_status":"closed","template":"","meta":{"footnotes":""},"class_list":["post-16","page","type-page","status-publish","hentry"],"_links":{"self":[{"href":"https:\/\/www.cavalaire-environnement.com\/article\/wp-json\/wp\/v2\/pages\/16","targetHints":{"allow":["GET"]}}],"collection":[{"href":"https:\/\/www.cavalaire-environnement.com\/article\/wp-json\/wp\/v2\/pages"}],"about":[{"href":"https:\/\/www.cavalaire-environnement.com\/article\/wp-json\/wp\/v2\/types\/page"}],"author":[{"embeddable":true,"href":"https:\/\/www.cavalaire-environnement.com\/article\/wp-json\/wp\/v2\/users\/1"}],"replies":[{"embeddable":true,"href":"https:\/\/www.cavalaire-environnement.com\/article\/wp-json\/wp\/v2\/comments?post=16"}],"version-history":[{"count":20,"href":"https:\/\/www.cavalaire-environnement.com\/article\/wp-json\/wp\/v2\/pages\/16\/revisions"}],"predecessor-version":[{"id":2356,"href":"https:\/\/www.cavalaire-environnement.com\/article\/wp-json\/wp\/v2\/pages\/16\/revisions\/2356"}],"wp:attachment":[{"href":"https:\/\/www.cavalaire-environnement.com\/article\/wp-json\/wp\/v2\/media?parent=16"}],"curies":[{"name":"wp","href":"https:\/\/api.w.org\/{rel}","templated":true}]}}